{"id":4956,"date":"2025-03-05T17:46:00","date_gmt":"2025-03-05T17:46:00","guid":{"rendered":"https:\/\/promotiv.rs\/?post_type=product&#038;p=4956"},"modified":"2025-03-05T17:46:00","modified_gmt":"2025-03-05T17:46:00","slug":"etui-cart","status":"publish","type":"product","link":"https:\/\/promotiv.rs\/sr_rs\/proizvodi\/razno\/etui-cart\/","title":{"rendered":"Etui cart"},"content":{"rendered":"<p>Izradjuje se od kvalitetne rezane koze<br \/>\nUnutrasnji dzepovi za kartice i pregrade za novac<br \/>\nZig ProMotiv<\/p>","protected":false},"excerpt":{"rendered":"<p>Model: Etui za kartice<br \/>\nDimeznije: 10cm x 7,5cm<br \/>\nBoja: Dostupno u vise boja<br \/>\nMaterijal: 100% koza<br \/>\nRucna izrada, moderan dizajn<br \/>\nStrucnost i dugogodisnje iskustvo u radu sa kozom<br \/>\nDeklaracija o kvalitetu proizvoda<br \/>\nProizvedeno u Srbiji<\/p>","protected":false},"featured_media":4957,"comment_status":"closed","ping_status":"closed","template":"","meta":[],"product_brand":[],"product_cat":[122],"product_tag":[],"class_list":{"0":"post-4956","1":"product","2":"type-product","3":"status-publish","4":"has-post-thumbnail","6":"product_cat-razno","8":"first","9":"instock","10":"shipping-taxable","11":"purchasable","12":"product-type-simple"},"yoast_head":"<!-- This site is optimized with the Yoast SEO plugin v27.5 - https:\/\/yoast.com\/product\/yoast-seo-wordpress\/ -->\n<title>Etui cart - Promotiv.rs<\/title>\n<meta name=\"description\" content=\"&quot;ProMotiv Sokobanja \u2013 Ru\u010dno izra\u0111eni ko\u017eni proizvodi vrhunskog kvaliteta. Unikatne torbe, kai\u0161evi, nov\u010danici i obu\u0107a, kreirani s ljubavlju i pa\u017enjom. Posetite nas!&quot;\" \/>\n<meta name=\"robots\" content=\"index, follow, max-snippet:-1, max-image-preview:large, max-video-preview:-1\" \/>\n<link rel=\"canonical\" href=\"https:\/\/promotiv.rs\/sr_rs\/proizvodi\/razno\/etui-cart\/\" \/>\n<meta property=\"og:locale\" content=\"sr_RS\" \/>\n<meta property=\"og:type\" content=\"article\" \/>\n<meta property=\"og:title\" content=\"Etui cart - Promotiv.rs\" \/>\n<meta property=\"og:description\" content=\"&quot;ProMotiv Sokobanja \u2013 Ru\u010dno izra\u0111eni ko\u017eni proizvodi vrhunskog kvaliteta. Unikatne torbe, kai\u0161evi, nov\u010danici i obu\u0107a, kreirani s ljubavlju i pa\u017enjom. Posetite nas!&quot;\" \/>\n<meta property=\"og:url\" content=\"https:\/\/promotiv.rs\/sr_rs\/proizvodi\/razno\/etui-cart\/\" \/>\n<meta property=\"og:site_name\" content=\"Promotiv.rs\" \/>\n<meta property=\"article:publisher\" content=\"https:\/\/www.facebook.com\/ProMotiv\/\" \/>\n<meta property=\"og:image\" content=\"https:\/\/promotiv.rs\/wp-content\/uploads\/2025\/03\/1-7.jpg\" \/>\n\t<meta property=\"og:image:width\" content=\"595\" \/>\n\t<meta property=\"og:image:height\" content=\"562\" \/>\n\t<meta property=\"og:image:type\" content=\"image\/jpeg\" \/>\n<meta name=\"twitter:card\" content=\"summary_large_image\" \/>\n<meta name=\"twitter:site\" content=\"@Pro_Motiv\" \/>\n<meta name=\"twitter:label1\" content=\"Procenjeno vreme \u010ditanja\" \/>\n\t<meta name=\"twitter:data1\" content=\"1 minut\" \/>\n<script type=\"application\/ld+json\" class=\"yoast-schema-graph\">{\"@context\":\"https:\\\/\\\/schema.org\",\"@graph\":[{\"@type\":\"WebPage\",\"@id\":\"https:\\\/\\\/promotiv.rs\\\/proizvodi\\\/razno\\\/etui-cart\\\/\",\"url\":\"https:\\\/\\\/promotiv.rs\\\/proizvodi\\\/razno\\\/etui-cart\\\/\",\"name\":\"Etui cart - Promotiv.rs\",\"isPartOf\":{\"@id\":\"https:\\\/\\\/promotiv.rs\\\/#website\"},\"primaryImageOfPage\":{\"@id\":\"https:\\\/\\\/promotiv.rs\\\/proizvodi\\\/razno\\\/etui-cart\\\/#primaryimage\"},\"image\":{\"@id\":\"https:\\\/\\\/promotiv.rs\\\/proizvodi\\\/razno\\\/etui-cart\\\/#primaryimage\"},\"thumbnailUrl\":\"https:\\\/\\\/promotiv.rs\\\/wp-content\\\/uploads\\\/2025\\\/03\\\/1-7.jpg\",\"datePublished\":\"2025-03-05T17:46:00+00:00\",\"description\":\"\\\"ProMotiv Sokobanja \u2013 Ru\u010dno izra\u0111eni ko\u017eni proizvodi vrhunskog kvaliteta. Unikatne torbe, kai\u0161evi, nov\u010danici i obu\u0107a, kreirani s ljubavlju i pa\u017enjom. Posetite nas!\\\"\",\"breadcrumb\":{\"@id\":\"https:\\\/\\\/promotiv.rs\\\/proizvodi\\\/razno\\\/etui-cart\\\/#breadcrumb\"},\"inLanguage\":\"sr-RS\",\"potentialAction\":[{\"@type\":\"ReadAction\",\"target\":[\"https:\\\/\\\/promotiv.rs\\\/proizvodi\\\/razno\\\/etui-cart\\\/\"]}]},{\"@type\":\"ImageObject\",\"inLanguage\":\"sr-RS\",\"@id\":\"https:\\\/\\\/promotiv.rs\\\/proizvodi\\\/razno\\\/etui-cart\\\/#primaryimage\",\"url\":\"https:\\\/\\\/promotiv.rs\\\/wp-content\\\/uploads\\\/2025\\\/03\\\/1-7.jpg\",\"contentUrl\":\"https:\\\/\\\/promotiv.rs\\\/wp-content\\\/uploads\\\/2025\\\/03\\\/1-7.jpg\",\"width\":595,\"height\":562,\"caption\":\"Futrolica za kartice\"},{\"@type\":\"BreadcrumbList\",\"@id\":\"https:\\\/\\\/promotiv.rs\\\/proizvodi\\\/razno\\\/etui-cart\\\/#breadcrumb\",\"itemListElement\":[{\"@type\":\"ListItem\",\"position\":1,\"name\":\"Home\",\"item\":\"https:\\\/\\\/promotiv.rs\\\/sr_rs\\\/\"},{\"@type\":\"ListItem\",\"position\":2,\"name\":\"Proizvodi\",\"item\":\"https:\\\/\\\/promotiv.rs\\\/proizvodi\\\/\"},{\"@type\":\"ListItem\",\"position\":3,\"name\":\"Etui cart\"}]},{\"@type\":\"WebSite\",\"@id\":\"https:\\\/\\\/promotiv.rs\\\/#website\",\"url\":\"https:\\\/\\\/promotiv.rs\\\/\",\"name\":\"Promotiv.rs\",\"description\":\"\",\"publisher\":{\"@id\":\"https:\\\/\\\/promotiv.rs\\\/#organization\"},\"potentialAction\":[{\"@type\":\"SearchAction\",\"target\":{\"@type\":\"EntryPoint\",\"urlTemplate\":\"https:\\\/\\\/promotiv.rs\\\/?s={search_term_string}\"},\"query-input\":{\"@type\":\"PropertyValueSpecification\",\"valueRequired\":true,\"valueName\":\"search_term_string\"}}],\"inLanguage\":\"sr-RS\"},{\"@type\":\"Organization\",\"@id\":\"https:\\\/\\\/promotiv.rs\\\/#organization\",\"name\":\"ProMotiv\",\"url\":\"https:\\\/\\\/promotiv.rs\\\/\",\"logo\":{\"@type\":\"ImageObject\",\"inLanguage\":\"sr-RS\",\"@id\":\"https:\\\/\\\/promotiv.rs\\\/#\\\/schema\\\/logo\\\/image\\\/\",\"url\":\"https:\\\/\\\/promotiv.rs\\\/wp-content\\\/uploads\\\/2025\\\/02\\\/cropped-ProMotiv_Logo.webp\",\"contentUrl\":\"https:\\\/\\\/promotiv.rs\\\/wp-content\\\/uploads\\\/2025\\\/02\\\/cropped-ProMotiv_Logo.webp\",\"width\":512,\"height\":512,\"caption\":\"ProMotiv\"},\"image\":{\"@id\":\"https:\\\/\\\/promotiv.rs\\\/#\\\/schema\\\/logo\\\/image\\\/\"},\"sameAs\":[\"https:\\\/\\\/www.facebook.com\\\/ProMotiv\\\/\",\"https:\\\/\\\/x.com\\\/Pro_Motiv\"]}]}<\/script>\n<!-- \/ Yoast SEO plugin. -->","yoast_head_json":{"title":"Etui cart - Promotiv.rs","description":"\"ProMotiv Sokobanja \\u2013 Ru\\u010dno izra\\u0111eni ko\\u017eni proizvodi vrhunskog kvaliteta. Unikatne torbe, kai\\u0161evi, nov\\u010danici i obu\\u0107a, kreirani s ljubavlju i pa\\u017enjom. Posetite nas!\"","robots":{"index":"index","follow":"follow","max-snippet":"max-snippet:-1","max-image-preview":"max-image-preview:large","max-video-preview":"max-video-preview:-1"},"canonical":"https:\/\/promotiv.rs\/sr_rs\/proizvodi\/razno\/etui-cart\/","og_locale":"sr_RS","og_type":"article","og_title":"Etui cart - Promotiv.rs","og_description":"\"ProMotiv Sokobanja \u2013 Ru\u010dno izra\u0111eni ko\u017eni proizvodi vrhunskog kvaliteta. Unikatne torbe, kai\u0161evi, nov\u010danici i obu\u0107a, kreirani s ljubavlju i pa\u017enjom. Posetite nas!\"","og_url":"https:\/\/promotiv.rs\/sr_rs\/proizvodi\/razno\/etui-cart\/","og_site_name":"Promotiv.rs","article_publisher":"https:\/\/www.facebook.com\/ProMotiv\/","og_image":[{"width":595,"height":562,"url":"https:\/\/promotiv.rs\/wp-content\/uploads\/2025\/03\/1-7.jpg","type":"image\/jpeg"}],"twitter_card":"summary_large_image","twitter_site":"@Pro_Motiv","twitter_misc":{"\u041f\u0440\u043e\u0446\u0435\u045a\u0435\u043d\u043e \u0432\u0440\u0435\u043c\u0435 \u0447\u0438\u0442\u0430\u045a\u0430":"1 minut"},"schema":{"@context":"https:\/\/schema.org","@graph":[{"@type":"WebPage","@id":"https:\/\/promotiv.rs\/proizvodi\/razno\/etui-cart\/","url":"https:\/\/promotiv.rs\/proizvodi\/razno\/etui-cart\/","name":"Etui cart - Promotiv.rs","isPartOf":{"@id":"https:\/\/promotiv.rs\/#website"},"primaryImageOfPage":{"@id":"https:\/\/promotiv.rs\/proizvodi\/razno\/etui-cart\/#primaryimage"},"image":{"@id":"https:\/\/promotiv.rs\/proizvodi\/razno\/etui-cart\/#primaryimage"},"thumbnailUrl":"https:\/\/promotiv.rs\/wp-content\/uploads\/2025\/03\/1-7.jpg","datePublished":"2025-03-05T17:46:00+00:00","description":"\"ProMotiv Sokobanja \\u2013 Ru\\u010dno izra\\u0111eni ko\\u017eni proizvodi vrhunskog kvaliteta. Unikatne torbe, kai\\u0161evi, nov\\u010danici i obu\\u0107a, kreirani s ljubavlju i pa\\u017enjom. Posetite nas!\"","breadcrumb":{"@id":"https:\/\/promotiv.rs\/proizvodi\/razno\/etui-cart\/#breadcrumb"},"inLanguage":"sr-RS","potentialAction":[{"@type":"ReadAction","target":["https:\/\/promotiv.rs\/proizvodi\/razno\/etui-cart\/"]}]},{"@type":"ImageObject","inLanguage":"sr-RS","@id":"https:\/\/promotiv.rs\/proizvodi\/razno\/etui-cart\/#primaryimage","url":"https:\/\/promotiv.rs\/wp-content\/uploads\/2025\/03\/1-7.jpg","contentUrl":"https:\/\/promotiv.rs\/wp-content\/uploads\/2025\/03\/1-7.jpg","width":595,"height":562,"caption":"Futrolica za kartice"},{"@type":"BreadcrumbList","@id":"https:\/\/promotiv.rs\/proizvodi\/razno\/etui-cart\/#breadcrumb","itemListElement":[{"@type":"ListItem","position":1,"name":"Home","item":"https:\/\/promotiv.rs\/sr_rs\/"},{"@type":"ListItem","position":2,"name":"Proizvodi","item":"https:\/\/promotiv.rs\/proizvodi\/"},{"@type":"ListItem","position":3,"name":"Etui cart"}]},{"@type":"WebSite","@id":"https:\/\/promotiv.rs\/#website","url":"https:\/\/promotiv.rs\/","name":"Promotiv.rs","description":"","publisher":{"@id":"https:\/\/promotiv.rs\/#organization"},"potentialAction":[{"@type":"SearchAction","target":{"@type":"EntryPoint","urlTemplate":"https:\/\/promotiv.rs\/?s={search_term_string}"},"query-input":{"@type":"PropertyValueSpecification","valueRequired":true,"valueName":"search_term_string"}}],"inLanguage":"sr-RS"},{"@type":"Organization","@id":"https:\/\/promotiv.rs\/#organization","name":"ProMotiv","url":"https:\/\/promotiv.rs\/","logo":{"@type":"ImageObject","inLanguage":"sr-RS","@id":"https:\/\/promotiv.rs\/#\/schema\/logo\/image\/","url":"https:\/\/promotiv.rs\/wp-content\/uploads\/2025\/02\/cropped-ProMotiv_Logo.webp","contentUrl":"https:\/\/promotiv.rs\/wp-content\/uploads\/2025\/02\/cropped-ProMotiv_Logo.webp","width":512,"height":512,"caption":"ProMotiv"},"image":{"@id":"https:\/\/promotiv.rs\/#\/schema\/logo\/image\/"},"sameAs":["https:\/\/www.facebook.com\/ProMotiv\/","https:\/\/x.com\/Pro_Motiv"]}]}},"_links":{"self":[{"href":"https:\/\/promotiv.rs\/sr_rs\/wp-json\/wp\/v2\/product\/4956","targetHints":{"allow":["GET"]}}],"collection":[{"href":"https:\/\/promotiv.rs\/sr_rs\/wp-json\/wp\/v2\/product"}],"about":[{"href":"https:\/\/promotiv.rs\/sr_rs\/wp-json\/wp\/v2\/types\/product"}],"replies":[{"embeddable":true,"href":"https:\/\/promotiv.rs\/sr_rs\/wp-json\/wp\/v2\/comments?post=4956"}],"version-history":[{"count":1,"href":"https:\/\/promotiv.rs\/sr_rs\/wp-json\/wp\/v2\/product\/4956\/revisions"}],"predecessor-version":[{"id":4961,"href":"https:\/\/promotiv.rs\/sr_rs\/wp-json\/wp\/v2\/product\/4956\/revisions\/4961"}],"wp:featuredmedia":[{"embeddable":true,"href":"https:\/\/promotiv.rs\/sr_rs\/wp-json\/wp\/v2\/media\/4957"}],"wp:attachment":[{"href":"https:\/\/promotiv.rs\/sr_rs\/wp-json\/wp\/v2\/media?parent=4956"}],"wp:term":[{"taxonomy":"product_brand","embeddable":true,"href":"https:\/\/promotiv.rs\/sr_rs\/wp-json\/wp\/v2\/product_brand?post=4956"},{"taxonomy":"product_cat","embeddable":true,"href":"https:\/\/promotiv.rs\/sr_rs\/wp-json\/wp\/v2\/product_cat?post=4956"},{"taxonomy":"product_tag","embeddable":true,"href":"https:\/\/promotiv.rs\/sr_rs\/wp-json\/wp\/v2\/product_tag?post=4956"}],"curies":[{"name":"wp","href":"https:\/\/api.w.org\/{rel}","templated":true}]}}