{"id":4083,"date":"2025-03-04T21:11:31","date_gmt":"2025-03-04T21:11:31","guid":{"rendered":"https:\/\/promotiv.rs\/?post_type=product&#038;p=4083"},"modified":"2025-03-04T21:23:22","modified_gmt":"2025-03-04T21:23:22","slug":"model-100","status":"publish","type":"product","link":"https:\/\/promotiv.rs\/sr_rs\/proizvodi\/muskarci\/torbe\/model-100\/","title":{"rendered":"Model 100"},"content":{"rendered":"<p>Detaljan opis:<br \/>\nPrednji, zadnji i unutra\u0161nji d\u017eep<br \/>\nKai\u0161 na pode\u0161avanje, sa na\u0161ivenom ko\u017enom trakom<br \/>\nUvozna metalna galanterija<br \/>\nKvalitetna postava<br \/>\n\u017dig ProMotiv<br \/>\nKo\u017ena torba popularna medju mu\u0161karcima&#8230;<\/p>\n<p>* Maloprodaje ( prodavnice ko\u017ene galanterije, odece i obu\u0107e, poklona i knji\u017eare) zainteresovane za prodaju na\u0161ih proizvoda mogu da nas kontaktiraju putem telefona 064 339 2 339<\/p>","protected":false},"excerpt":{"rendered":"<p>Model: 100<br \/>\nDimeznije: 24cm x 22cm x 3cm<br \/>\nBoja: Dostupno u vi\u0161e boja..<br \/>\nMaterijal: 100% ko\u017ea<br \/>\nRu\u0107na izrada, moderan dizajn<br \/>\nStru\u010dnost i dugogodi\u0161nje iskustvo u radu sa ko\u017eom<br \/>\nDeklaracija o kvalitetu proizvoda<br \/>\nProizvedeno u Srbiji<\/p>","protected":false},"featured_media":4078,"comment_status":"closed","ping_status":"closed","template":"","meta":[],"product_brand":[],"product_cat":[119,128],"product_tag":[],"class_list":{"0":"post-4083","1":"product","2":"type-product","3":"status-publish","4":"has-post-thumbnail","6":"product_cat-muskarci","7":"product_cat-torbe","9":"first","10":"instock","11":"shipping-taxable","12":"purchasable","13":"product-type-simple"},"yoast_head":"<!-- This site is optimized with the Yoast SEO plugin v27.5 - https:\/\/yoast.com\/product\/yoast-seo-wordpress\/ -->\n<title>Model 100 - Promotiv.rs<\/title>\n<meta name=\"description\" content=\"Najkvalitetnije ko\u017ene torbe po najpovoljnijim cenama... ***ProMotiv torbe - savr\u0161en poklon ***\" \/>\n<meta name=\"robots\" content=\"index, follow, max-snippet:-1, max-image-preview:large, max-video-preview:-1\" \/>\n<link rel=\"canonical\" href=\"https:\/\/promotiv.rs\/sr_rs\/proizvodi\/muskarci\/torbe\/model-100\/\" \/>\n<meta property=\"og:locale\" content=\"sr_RS\" \/>\n<meta property=\"og:type\" content=\"article\" \/>\n<meta property=\"og:title\" content=\"Model 100 - Promotiv.rs\" \/>\n<meta property=\"og:description\" content=\"Najkvalitetnije ko\u017ene torbe po najpovoljnijim cenama... ***ProMotiv torbe - savr\u0161en poklon ***\" \/>\n<meta property=\"og:url\" content=\"https:\/\/promotiv.rs\/sr_rs\/proizvodi\/muskarci\/torbe\/model-100\/\" \/>\n<meta property=\"og:site_name\" content=\"Promotiv.rs\" \/>\n<meta property=\"article:publisher\" content=\"https:\/\/www.facebook.com\/ProMotiv\/\" \/>\n<meta property=\"article:modified_time\" content=\"2025-03-04T21:23:22+00:00\" \/>\n<meta property=\"og:image\" content=\"https:\/\/promotiv.rs\/wp-content\/uploads\/2025\/03\/100-001-01.jpg\" \/>\n\t<meta property=\"og:image:width\" content=\"595\" \/>\n\t<meta property=\"og:image:height\" content=\"562\" \/>\n\t<meta property=\"og:image:type\" content=\"image\/jpeg\" \/>\n<meta name=\"twitter:card\" content=\"summary_large_image\" \/>\n<meta name=\"twitter:site\" content=\"@Pro_Motiv\" \/>\n<meta name=\"twitter:label1\" content=\"Procenjeno vreme \u010ditanja\" \/>\n\t<meta name=\"twitter:data1\" content=\"1 minut\" \/>\n<script type=\"application\/ld+json\" class=\"yoast-schema-graph\">{\"@context\":\"https:\\\/\\\/schema.org\",\"@graph\":[{\"@type\":\"WebPage\",\"@id\":\"https:\\\/\\\/promotiv.rs\\\/proizvodi\\\/muskarci\\\/torbe\\\/model-100\\\/\",\"url\":\"https:\\\/\\\/promotiv.rs\\\/proizvodi\\\/muskarci\\\/torbe\\\/model-100\\\/\",\"name\":\"Model 100 - Promotiv.rs\",\"isPartOf\":{\"@id\":\"https:\\\/\\\/promotiv.rs\\\/#website\"},\"primaryImageOfPage\":{\"@id\":\"https:\\\/\\\/promotiv.rs\\\/proizvodi\\\/muskarci\\\/torbe\\\/model-100\\\/#primaryimage\"},\"image\":{\"@id\":\"https:\\\/\\\/promotiv.rs\\\/proizvodi\\\/muskarci\\\/torbe\\\/model-100\\\/#primaryimage\"},\"thumbnailUrl\":\"https:\\\/\\\/promotiv.rs\\\/wp-content\\\/uploads\\\/2025\\\/03\\\/100-001-01.jpg\",\"datePublished\":\"2025-03-04T21:11:31+00:00\",\"dateModified\":\"2025-03-04T21:23:22+00:00\",\"description\":\"Najkvalitetnije ko\u017ene torbe po najpovoljnijim cenama... ***ProMotiv torbe - savr\u0161en poklon ***\",\"breadcrumb\":{\"@id\":\"https:\\\/\\\/promotiv.rs\\\/proizvodi\\\/muskarci\\\/torbe\\\/model-100\\\/#breadcrumb\"},\"inLanguage\":\"sr-RS\",\"potentialAction\":[{\"@type\":\"ReadAction\",\"target\":[\"https:\\\/\\\/promotiv.rs\\\/proizvodi\\\/muskarci\\\/torbe\\\/model-100\\\/\"]}]},{\"@type\":\"ImageObject\",\"inLanguage\":\"sr-RS\",\"@id\":\"https:\\\/\\\/promotiv.rs\\\/proizvodi\\\/muskarci\\\/torbe\\\/model-100\\\/#primaryimage\",\"url\":\"https:\\\/\\\/promotiv.rs\\\/wp-content\\\/uploads\\\/2025\\\/03\\\/100-001-01.jpg\",\"contentUrl\":\"https:\\\/\\\/promotiv.rs\\\/wp-content\\\/uploads\\\/2025\\\/03\\\/100-001-01.jpg\",\"width\":595,\"height\":562,\"caption\":\"muska torbica\"},{\"@type\":\"BreadcrumbList\",\"@id\":\"https:\\\/\\\/promotiv.rs\\\/proizvodi\\\/muskarci\\\/torbe\\\/model-100\\\/#breadcrumb\",\"itemListElement\":[{\"@type\":\"ListItem\",\"position\":1,\"name\":\"Home\",\"item\":\"https:\\\/\\\/promotiv.rs\\\/sr_rs\\\/\"},{\"@type\":\"ListItem\",\"position\":2,\"name\":\"Proizvodi\",\"item\":\"https:\\\/\\\/promotiv.rs\\\/proizvodi\\\/\"},{\"@type\":\"ListItem\",\"position\":3,\"name\":\"Model 100\"}]},{\"@type\":\"WebSite\",\"@id\":\"https:\\\/\\\/promotiv.rs\\\/#website\",\"url\":\"https:\\\/\\\/promotiv.rs\\\/\",\"name\":\"Promotiv.rs\",\"description\":\"\",\"publisher\":{\"@id\":\"https:\\\/\\\/promotiv.rs\\\/#organization\"},\"potentialAction\":[{\"@type\":\"SearchAction\",\"target\":{\"@type\":\"EntryPoint\",\"urlTemplate\":\"https:\\\/\\\/promotiv.rs\\\/?s={search_term_string}\"},\"query-input\":{\"@type\":\"PropertyValueSpecification\",\"valueRequired\":true,\"valueName\":\"search_term_string\"}}],\"inLanguage\":\"sr-RS\"},{\"@type\":\"Organization\",\"@id\":\"https:\\\/\\\/promotiv.rs\\\/#organization\",\"name\":\"ProMotiv\",\"url\":\"https:\\\/\\\/promotiv.rs\\\/\",\"logo\":{\"@type\":\"ImageObject\",\"inLanguage\":\"sr-RS\",\"@id\":\"https:\\\/\\\/promotiv.rs\\\/#\\\/schema\\\/logo\\\/image\\\/\",\"url\":\"https:\\\/\\\/promotiv.rs\\\/wp-content\\\/uploads\\\/2025\\\/02\\\/cropped-ProMotiv_Logo.webp\",\"contentUrl\":\"https:\\\/\\\/promotiv.rs\\\/wp-content\\\/uploads\\\/2025\\\/02\\\/cropped-ProMotiv_Logo.webp\",\"width\":512,\"height\":512,\"caption\":\"ProMotiv\"},\"image\":{\"@id\":\"https:\\\/\\\/promotiv.rs\\\/#\\\/schema\\\/logo\\\/image\\\/\"},\"sameAs\":[\"https:\\\/\\\/www.facebook.com\\\/ProMotiv\\\/\",\"https:\\\/\\\/x.com\\\/Pro_Motiv\"]}]}<\/script>\n<!-- \/ Yoast SEO plugin. -->","yoast_head_json":{"title":"Model 100 - Promotiv.rs","description":"Najkvalitetnije ko\u017ene torbe po najpovoljnijim cenama... ***ProMotiv torbe - savr\u0161en poklon ***","robots":{"index":"index","follow":"follow","max-snippet":"max-snippet:-1","max-image-preview":"max-image-preview:large","max-video-preview":"max-video-preview:-1"},"canonical":"https:\/\/promotiv.rs\/sr_rs\/proizvodi\/muskarci\/torbe\/model-100\/","og_locale":"sr_RS","og_type":"article","og_title":"Model 100 - Promotiv.rs","og_description":"Najkvalitetnije ko\u017ene torbe po najpovoljnijim cenama... ***ProMotiv torbe - savr\u0161en poklon ***","og_url":"https:\/\/promotiv.rs\/sr_rs\/proizvodi\/muskarci\/torbe\/model-100\/","og_site_name":"Promotiv.rs","article_publisher":"https:\/\/www.facebook.com\/ProMotiv\/","article_modified_time":"2025-03-04T21:23:22+00:00","og_image":[{"width":595,"height":562,"url":"https:\/\/promotiv.rs\/wp-content\/uploads\/2025\/03\/100-001-01.jpg","type":"image\/jpeg"}],"twitter_card":"summary_large_image","twitter_site":"@Pro_Motiv","twitter_misc":{"\u041f\u0440\u043e\u0446\u0435\u045a\u0435\u043d\u043e \u0432\u0440\u0435\u043c\u0435 \u0447\u0438\u0442\u0430\u045a\u0430":"1 minut"},"schema":{"@context":"https:\/\/schema.org","@graph":[{"@type":"WebPage","@id":"https:\/\/promotiv.rs\/proizvodi\/muskarci\/torbe\/model-100\/","url":"https:\/\/promotiv.rs\/proizvodi\/muskarci\/torbe\/model-100\/","name":"Model 100 - Promotiv.rs","isPartOf":{"@id":"https:\/\/promotiv.rs\/#website"},"primaryImageOfPage":{"@id":"https:\/\/promotiv.rs\/proizvodi\/muskarci\/torbe\/model-100\/#primaryimage"},"image":{"@id":"https:\/\/promotiv.rs\/proizvodi\/muskarci\/torbe\/model-100\/#primaryimage"},"thumbnailUrl":"https:\/\/promotiv.rs\/wp-content\/uploads\/2025\/03\/100-001-01.jpg","datePublished":"2025-03-04T21:11:31+00:00","dateModified":"2025-03-04T21:23:22+00:00","description":"Najkvalitetnije ko\u017ene torbe po najpovoljnijim cenama... ***ProMotiv torbe - savr\u0161en poklon ***","breadcrumb":{"@id":"https:\/\/promotiv.rs\/proizvodi\/muskarci\/torbe\/model-100\/#breadcrumb"},"inLanguage":"sr-RS","potentialAction":[{"@type":"ReadAction","target":["https:\/\/promotiv.rs\/proizvodi\/muskarci\/torbe\/model-100\/"]}]},{"@type":"ImageObject","inLanguage":"sr-RS","@id":"https:\/\/promotiv.rs\/proizvodi\/muskarci\/torbe\/model-100\/#primaryimage","url":"https:\/\/promotiv.rs\/wp-content\/uploads\/2025\/03\/100-001-01.jpg","contentUrl":"https:\/\/promotiv.rs\/wp-content\/uploads\/2025\/03\/100-001-01.jpg","width":595,"height":562,"caption":"muska torbica"},{"@type":"BreadcrumbList","@id":"https:\/\/promotiv.rs\/proizvodi\/muskarci\/torbe\/model-100\/#breadcrumb","itemListElement":[{"@type":"ListItem","position":1,"name":"Home","item":"https:\/\/promotiv.rs\/sr_rs\/"},{"@type":"ListItem","position":2,"name":"Proizvodi","item":"https:\/\/promotiv.rs\/proizvodi\/"},{"@type":"ListItem","position":3,"name":"Model 100"}]},{"@type":"WebSite","@id":"https:\/\/promotiv.rs\/#website","url":"https:\/\/promotiv.rs\/","name":"Promotiv.rs","description":"","publisher":{"@id":"https:\/\/promotiv.rs\/#organization"},"potentialAction":[{"@type":"SearchAction","target":{"@type":"EntryPoint","urlTemplate":"https:\/\/promotiv.rs\/?s={search_term_string}"},"query-input":{"@type":"PropertyValueSpecification","valueRequired":true,"valueName":"search_term_string"}}],"inLanguage":"sr-RS"},{"@type":"Organization","@id":"https:\/\/promotiv.rs\/#organization","name":"ProMotiv","url":"https:\/\/promotiv.rs\/","logo":{"@type":"ImageObject","inLanguage":"sr-RS","@id":"https:\/\/promotiv.rs\/#\/schema\/logo\/image\/","url":"https:\/\/promotiv.rs\/wp-content\/uploads\/2025\/02\/cropped-ProMotiv_Logo.webp","contentUrl":"https:\/\/promotiv.rs\/wp-content\/uploads\/2025\/02\/cropped-ProMotiv_Logo.webp","width":512,"height":512,"caption":"ProMotiv"},"image":{"@id":"https:\/\/promotiv.rs\/#\/schema\/logo\/image\/"},"sameAs":["https:\/\/www.facebook.com\/ProMotiv\/","https:\/\/x.com\/Pro_Motiv"]}]}},"_links":{"self":[{"href":"https:\/\/promotiv.rs\/sr_rs\/wp-json\/wp\/v2\/product\/4083","targetHints":{"allow":["GET"]}}],"collection":[{"href":"https:\/\/promotiv.rs\/sr_rs\/wp-json\/wp\/v2\/product"}],"about":[{"href":"https:\/\/promotiv.rs\/sr_rs\/wp-json\/wp\/v2\/types\/product"}],"replies":[{"embeddable":true,"href":"https:\/\/promotiv.rs\/sr_rs\/wp-json\/wp\/v2\/comments?post=4083"}],"version-history":[{"count":4,"href":"https:\/\/promotiv.rs\/sr_rs\/wp-json\/wp\/v2\/product\/4083\/revisions"}],"predecessor-version":[{"id":4087,"href":"https:\/\/promotiv.rs\/sr_rs\/wp-json\/wp\/v2\/product\/4083\/revisions\/4087"}],"wp:featuredmedia":[{"embeddable":true,"href":"https:\/\/promotiv.rs\/sr_rs\/wp-json\/wp\/v2\/media\/4078"}],"wp:attachment":[{"href":"https:\/\/promotiv.rs\/sr_rs\/wp-json\/wp\/v2\/media?parent=4083"}],"wp:term":[{"taxonomy":"product_brand","embeddable":true,"href":"https:\/\/promotiv.rs\/sr_rs\/wp-json\/wp\/v2\/product_brand?post=4083"},{"taxonomy":"product_cat","embeddable":true,"href":"https:\/\/promotiv.rs\/sr_rs\/wp-json\/wp\/v2\/product_cat?post=4083"},{"taxonomy":"product_tag","embeddable":true,"href":"https:\/\/promotiv.rs\/sr_rs\/wp-json\/wp\/v2\/product_tag?post=4083"}],"curies":[{"name":"wp","href":"https:\/\/api.w.org\/{rel}","templated":true}]}}